{"id":583,"date":"2025-03-12T17:37:50","date_gmt":"2025-03-12T16:37:50","guid":{"rendered":"https:\/\/savonnerie-marseillaise.com\/produit\/lait-danesse-lait-corporel\/"},"modified":"2025-10-09T09:18:58","modified_gmt":"2025-10-09T07:18:58","slug":"lait-danesse-lait-corporel","status":"publish","type":"product","link":"https:\/\/savonnerie-marseillaise.com\/fr\/produit\/lait-danesse-lait-corporel\/","title":{"rendered":"Lait d&rsquo;\u00e2nesse &#8211; Lait corporel"},"content":{"rendered":"<p>Conseils d&rsquo;utilisation :<\/p>\n<p>Appliquer apr\u00e8s la douche sur une peau encore humide pour permettre une meilleure p\u00e9n\u00e9tration du lait.<\/p>\n","protected":false},"excerpt":{"rendered":"<p>Depuis l\u2019Antiquit\u00e9, le lait d\u2019\u00e2nesse est reconnu pour ses bienfaits exceptionnels sur la peau : hydratants, r\u00e9g\u00e9n\u00e9rants et apaisants. Ce lait pour le corps marie ces vertus ancestrales \u00e0 l\u2019expertise proven\u00e7ale pour offrir un soin unique. Sa texture onctueuse hydrate intens\u00e9ment et contribue \u00e0 restaurer l\u2019\u00e9clat naturel de la peau, tout en procurant une sensation durable de confort. Con\u00e7u pour tous les types de peaux, m\u00eame les plus sensibles, il fait de chaque application un v\u00e9ritable moment de douceur et de soin.<\/p>\n","protected":false},"featured_media":584,"comment_status":"closed","ping_status":"closed","template":"","meta":{"inline_featured_image":false,"wds_primary_product_brand":0,"wds_primary_product_cat":0},"product_brand":[],"product_cat":[114,93],"product_tag":[35,34],"class_list":{"0":"post-583","1":"product","2":"type-product","3":"status-publish","4":"has-post-thumbnail","6":"product_cat-lait-danesse","7":"product_cat-soins","8":"product_tag-blanc","9":"product_tag-bleu","10":"description-off","12":"first","13":"instock","14":"sale","15":"taxable","16":"shipping-taxable","17":"purchasable","18":"product-type-simple"},"_links":{"self":[{"href":"https:\/\/savonnerie-marseillaise.com\/fr\/wp-json\/wp\/v2\/product\/583","targetHints":{"allow":["GET"]}}],"collection":[{"href":"https:\/\/savonnerie-marseillaise.com\/fr\/wp-json\/wp\/v2\/product"}],"about":[{"href":"https:\/\/savonnerie-marseillaise.com\/fr\/wp-json\/wp\/v2\/types\/product"}],"replies":[{"embeddable":true,"href":"https:\/\/savonnerie-marseillaise.com\/fr\/wp-json\/wp\/v2\/comments?post=583"}],"wp:featuredmedia":[{"embeddable":true,"href":"https:\/\/savonnerie-marseillaise.com\/fr\/wp-json\/wp\/v2\/media\/584"}],"wp:attachment":[{"href":"https:\/\/savonnerie-marseillaise.com\/fr\/wp-json\/wp\/v2\/media?parent=583"}],"wp:term":[{"taxonomy":"product_brand","embeddable":true,"href":"https:\/\/savonnerie-marseillaise.com\/fr\/wp-json\/wp\/v2\/product_brand?post=583"},{"taxonomy":"product_cat","embeddable":true,"href":"https:\/\/savonnerie-marseillaise.com\/fr\/wp-json\/wp\/v2\/product_cat?post=583"},{"taxonomy":"product_tag","embeddable":true,"href":"https:\/\/savonnerie-marseillaise.com\/fr\/wp-json\/wp\/v2\/product_tag?post=583"}],"curies":[{"name":"wp","href":"https:\/\/api.w.org\/{rel}","templated":true}]}}