{"id":586,"date":"2025-03-12T17:37:50","date_gmt":"2025-03-12T16:37:50","guid":{"rendered":"https:\/\/savonnerie-marseillaise.com\/produit\/lait-danesse-gel-douche\/"},"modified":"2025-03-24T12:16:16","modified_gmt":"2025-03-24T11:16:16","slug":"lait-danesse-gel-douche","status":"publish","type":"product","link":"https:\/\/savonnerie-marseillaise.com\/fr\/produit\/lait-danesse-gel-douche\/","title":{"rendered":"Lait d&rsquo;\u00e2nesse &#8211; Gel douche"},"content":{"rendered":"<p>Conseils d&rsquo;utilisation : <\/p>\n<p>Versez une noix de gel douche dans le creux de votre main ou sur une \u00e9ponge humide et massez d\u00e9licatement la peau par des mouvements circulaires jusqu\u2019\u00e0 obtention d\u2019une cr\u00e8me onctueuse. Rincez abondamment et hydratez la peau avec le lait corps au lait d&rsquo;\u00e2nesse.<\/p>\n","protected":false},"excerpt":{"rendered":"<p>Depuis l\u2019Antiquit\u00e9, le lait d\u2019\u00e2nesse est reconnu pour ses bienfaits exceptionnels sur la peau, notamment ses propri\u00e9t\u00e9s hydratantes, r\u00e9g\u00e9n\u00e9rantes et apaisantes. Ce gel douche nettoie d\u00e9licatement la peau tout en pr\u00e9servant son \u00e9quilibre naturel. Sa mousse douce enveloppe le corps d\u2019un confort soyeux et laisse un parfum subtil, pour un moment de bien-\u00eatre quotidien. Convient \u00e0 tous les types de peau, m\u00eame les plus sensibles.<\/p>\n","protected":false},"featured_media":587,"comment_status":"closed","ping_status":"closed","template":"","meta":{"inline_featured_image":false,"wds_primary_product_brand":0,"wds_primary_product_cat":0},"product_brand":[],"product_cat":[114,93],"product_tag":[35,34],"class_list":{"0":"post-586","1":"product","2":"type-product","3":"status-publish","4":"has-post-thumbnail","6":"product_cat-lait-danesse","7":"product_cat-soins","8":"product_tag-blanc","9":"product_tag-bleu","10":"description-off","12":"first","13":"instock","14":"taxable","15":"shipping-taxable","16":"purchasable","17":"product-type-simple"},"_links":{"self":[{"href":"https:\/\/savonnerie-marseillaise.com\/fr\/wp-json\/wp\/v2\/product\/586","targetHints":{"allow":["GET"]}}],"collection":[{"href":"https:\/\/savonnerie-marseillaise.com\/fr\/wp-json\/wp\/v2\/product"}],"about":[{"href":"https:\/\/savonnerie-marseillaise.com\/fr\/wp-json\/wp\/v2\/types\/product"}],"replies":[{"embeddable":true,"href":"https:\/\/savonnerie-marseillaise.com\/fr\/wp-json\/wp\/v2\/comments?post=586"}],"wp:featuredmedia":[{"embeddable":true,"href":"https:\/\/savonnerie-marseillaise.com\/fr\/wp-json\/wp\/v2\/media\/587"}],"wp:attachment":[{"href":"https:\/\/savonnerie-marseillaise.com\/fr\/wp-json\/wp\/v2\/media?parent=586"}],"wp:term":[{"taxonomy":"product_brand","embeddable":true,"href":"https:\/\/savonnerie-marseillaise.com\/fr\/wp-json\/wp\/v2\/product_brand?post=586"},{"taxonomy":"product_cat","embeddable":true,"href":"https:\/\/savonnerie-marseillaise.com\/fr\/wp-json\/wp\/v2\/product_cat?post=586"},{"taxonomy":"product_tag","embeddable":true,"href":"https:\/\/savonnerie-marseillaise.com\/fr\/wp-json\/wp\/v2\/product_tag?post=586"}],"curies":[{"name":"wp","href":"https:\/\/api.w.org\/{rel}","templated":true}]}}