{"id":592,"date":"2025-03-12T17:37:50","date_gmt":"2025-03-12T16:37:50","guid":{"rendered":"https:\/\/savonnerie-marseillaise.com\/produit\/lait-danesse-savonnette-2\/"},"modified":"2025-03-24T12:16:17","modified_gmt":"2025-03-24T11:16:17","slug":"lait-danesse-savonnette-2","status":"publish","type":"product","link":"https:\/\/savonnerie-marseillaise.com\/fr\/produit\/lait-danesse-savonnette-2\/","title":{"rendered":"Lait d&rsquo;\u00e2nesse &#8211; Savonnette"},"content":{"rendered":"<p>Conseils d&rsquo;utilisation :<\/p>\n<p>Faites mousser le savon entre vos mains humides, appliquez d\u00e9licatement sur le visage en \u00e9vitant le contour des yeux, puis rincez abondamment \u00e0 l\u2019eau ti\u00e8de.<\/p>\n","protected":false},"excerpt":{"rendered":"<p>Enrichie en lait d\u2019\u00e2nesse, reconnu depuis l\u2019Antiquit\u00e9 pour ses propri\u00e9t\u00e9s hydratantes, r\u00e9g\u00e9n\u00e9rantes et r\u00e9confortantes, cette savonnette nettoie d\u00e9licatement le visage tout en respectant l\u2019\u00e9quilibre naturel de la peau. Fabriqu\u00e9e en Provence, sa formule douce et onctueuse laisse la peau propre, souple et agr\u00e9ablement r\u00e9hydrat\u00e9e, id\u00e9ale pour un usage quotidien.<\/p>\n","protected":false},"featured_media":590,"comment_status":"closed","ping_status":"closed","template":"","meta":{"inline_featured_image":false,"wds_primary_product_brand":0,"wds_primary_product_cat":0},"product_brand":[],"product_cat":[114,93],"product_tag":[35],"class_list":{"0":"post-592","1":"product","2":"type-product","3":"status-publish","4":"has-post-thumbnail","6":"product_cat-lait-danesse","7":"product_cat-soins","8":"product_tag-blanc","9":"description-off","11":"first","12":"instock","13":"taxable","14":"shipping-taxable","15":"purchasable","16":"product-type-simple"},"_links":{"self":[{"href":"https:\/\/savonnerie-marseillaise.com\/fr\/wp-json\/wp\/v2\/product\/592","targetHints":{"allow":["GET"]}}],"collection":[{"href":"https:\/\/savonnerie-marseillaise.com\/fr\/wp-json\/wp\/v2\/product"}],"about":[{"href":"https:\/\/savonnerie-marseillaise.com\/fr\/wp-json\/wp\/v2\/types\/product"}],"replies":[{"embeddable":true,"href":"https:\/\/savonnerie-marseillaise.com\/fr\/wp-json\/wp\/v2\/comments?post=592"}],"wp:featuredmedia":[{"embeddable":true,"href":"https:\/\/savonnerie-marseillaise.com\/fr\/wp-json\/wp\/v2\/media\/590"}],"wp:attachment":[{"href":"https:\/\/savonnerie-marseillaise.com\/fr\/wp-json\/wp\/v2\/media?parent=592"}],"wp:term":[{"taxonomy":"product_brand","embeddable":true,"href":"https:\/\/savonnerie-marseillaise.com\/fr\/wp-json\/wp\/v2\/product_brand?post=592"},{"taxonomy":"product_cat","embeddable":true,"href":"https:\/\/savonnerie-marseillaise.com\/fr\/wp-json\/wp\/v2\/product_cat?post=592"},{"taxonomy":"product_tag","embeddable":true,"href":"https:\/\/savonnerie-marseillaise.com\/fr\/wp-json\/wp\/v2\/product_tag?post=592"}],"curies":[{"name":"wp","href":"https:\/\/api.w.org\/{rel}","templated":true}]}}