{"id":605,"date":"2025-03-12T17:37:50","date_gmt":"2025-03-12T16:37:50","guid":{"rendered":"https:\/\/savonnerie-marseillaise.com\/produit\/evasion-kyoto-gel-douche-exfoliant\/"},"modified":"2025-03-24T12:16:28","modified_gmt":"2025-03-24T11:16:28","slug":"evasion-kyoto-gel-douche-exfoliant","status":"publish","type":"product","link":"https:\/\/savonnerie-marseillaise.com\/fr\/produit\/evasion-kyoto-gel-douche-exfoliant\/","title":{"rendered":"EVASION &#8211; Kyoto &#8211; Gel Douche Exfoliant"},"content":{"rendered":"<p>Conseils d&rsquo;utilisation :<\/p>\n<p>D\u00e9posez une noisette de gel exfoliant dans la paume de votre main. Appliquez-le sur une peau humide, massez en effectuant des mouvements circulaires puis rincez abondamment.<\/p>\n","protected":false},"excerpt":{"rendered":"<p>Transformez votre rituel de douche en un v\u00e9ritable moment d\u2019\u00e9vasion avec le gel douche exfoliant Kyoto. Sa texture l\u00e9g\u00e8re, enrichie de grains exfoliants, nettoie en douceur et laisse votre peau d\u00e9licatement lisse. Son parfum gourmand et sucr\u00e9 inspir\u00e9 de la fleur de cerisier vous enveloppe, offrant une exp\u00e9rience sensorielle unique qui vous transporte au c\u0153ur du Japon, pour une peau \u00e9clatante et parfum\u00e9e tout au long de la journ\u00e9e.<\/p>\n","protected":false},"featured_media":568,"comment_status":"closed","ping_status":"closed","template":"","meta":{"inline_featured_image":false,"wds_primary_product_brand":0,"wds_primary_product_cat":0},"product_brand":[],"product_cat":[91,107,93],"product_tag":[26],"class_list":{"0":"post-605","1":"product","2":"type-product","3":"status-publish","4":"has-post-thumbnail","6":"product_cat-evasion","7":"product_cat-evasion-kyoto","8":"product_cat-soins","9":"product_tag-rose","10":"description-off","12":"first","13":"instock","14":"taxable","15":"shipping-taxable","16":"purchasable","17":"product-type-simple"},"_links":{"self":[{"href":"https:\/\/savonnerie-marseillaise.com\/fr\/wp-json\/wp\/v2\/product\/605","targetHints":{"allow":["GET"]}}],"collection":[{"href":"https:\/\/savonnerie-marseillaise.com\/fr\/wp-json\/wp\/v2\/product"}],"about":[{"href":"https:\/\/savonnerie-marseillaise.com\/fr\/wp-json\/wp\/v2\/types\/product"}],"replies":[{"embeddable":true,"href":"https:\/\/savonnerie-marseillaise.com\/fr\/wp-json\/wp\/v2\/comments?post=605"}],"wp:featuredmedia":[{"embeddable":true,"href":"https:\/\/savonnerie-marseillaise.com\/fr\/wp-json\/wp\/v2\/media\/568"}],"wp:attachment":[{"href":"https:\/\/savonnerie-marseillaise.com\/fr\/wp-json\/wp\/v2\/media?parent=605"}],"wp:term":[{"taxonomy":"product_brand","embeddable":true,"href":"https:\/\/savonnerie-marseillaise.com\/fr\/wp-json\/wp\/v2\/product_brand?post=605"},{"taxonomy":"product_cat","embeddable":true,"href":"https:\/\/savonnerie-marseillaise.com\/fr\/wp-json\/wp\/v2\/product_cat?post=605"},{"taxonomy":"product_tag","embeddable":true,"href":"https:\/\/savonnerie-marseillaise.com\/fr\/wp-json\/wp\/v2\/product_tag?post=605"}],"curies":[{"name":"wp","href":"https:\/\/api.w.org\/{rel}","templated":true}]}}