{"id":607,"date":"2025-03-12T17:37:50","date_gmt":"2025-03-12T16:37:50","guid":{"rendered":"https:\/\/savonnerie-marseillaise.com\/produit\/evasion-hawai-savon\/"},"modified":"2025-03-24T12:16:28","modified_gmt":"2025-03-24T11:16:28","slug":"evasion-hawai-savon","status":"publish","type":"product","link":"https:\/\/savonnerie-marseillaise.com\/fr\/produit\/evasion-hawai-savon\/","title":{"rendered":"EVASION &#8211; Hawa\u00ef &#8211; Savon"},"content":{"rendered":"<p>Conseils d&rsquo;utilisation :<\/p>\n<p>Frottez la savonnette entre vos mains mouill\u00e9es ou une \u00e9ponge pour le faire mousser. Appliquez-la sur la peau puis rincez abondamment.<\/p>\n","protected":false},"excerpt":{"rendered":"<p>Laissez-vous transporter sous le soleil du pacifique avec notre savon Hawa\u00ef. Sa mousse onctueuse lib\u00e8re un parfum envo\u00fbtant de mono\u00ef et nettoie votre peau en douceur tout en la parfumant d\u2019une senteur exotique, pour un moment d\u2019\u00e9vasion \u00e0 chaque utilisation.<\/p>\n","protected":false},"featured_media":557,"comment_status":"closed","ping_status":"closed","template":"","meta":{"inline_featured_image":false,"wds_primary_product_brand":0,"wds_primary_product_cat":0},"product_brand":[],"product_cat":[91,92,93],"product_tag":[31],"class_list":{"0":"post-607","1":"product","2":"type-product","3":"status-publish","4":"has-post-thumbnail","6":"product_cat-evasion","7":"product_cat-evasion-hawai","8":"product_cat-soins","9":"product_tag-vert","10":"description-off","12":"first","13":"instock","14":"taxable","15":"shipping-taxable","16":"purchasable","17":"product-type-simple"},"_links":{"self":[{"href":"https:\/\/savonnerie-marseillaise.com\/fr\/wp-json\/wp\/v2\/product\/607","targetHints":{"allow":["GET"]}}],"collection":[{"href":"https:\/\/savonnerie-marseillaise.com\/fr\/wp-json\/wp\/v2\/product"}],"about":[{"href":"https:\/\/savonnerie-marseillaise.com\/fr\/wp-json\/wp\/v2\/types\/product"}],"replies":[{"embeddable":true,"href":"https:\/\/savonnerie-marseillaise.com\/fr\/wp-json\/wp\/v2\/comments?post=607"}],"wp:featuredmedia":[{"embeddable":true,"href":"https:\/\/savonnerie-marseillaise.com\/fr\/wp-json\/wp\/v2\/media\/557"}],"wp:attachment":[{"href":"https:\/\/savonnerie-marseillaise.com\/fr\/wp-json\/wp\/v2\/media?parent=607"}],"wp:term":[{"taxonomy":"product_brand","embeddable":true,"href":"https:\/\/savonnerie-marseillaise.com\/fr\/wp-json\/wp\/v2\/product_brand?post=607"},{"taxonomy":"product_cat","embeddable":true,"href":"https:\/\/savonnerie-marseillaise.com\/fr\/wp-json\/wp\/v2\/product_cat?post=607"},{"taxonomy":"product_tag","embeddable":true,"href":"https:\/\/savonnerie-marseillaise.com\/fr\/wp-json\/wp\/v2\/product_tag?post=607"}],"curies":[{"name":"wp","href":"https:\/\/api.w.org\/{rel}","templated":true}]}}