{"id":608,"date":"2025-03-12T17:37:50","date_gmt":"2025-03-12T16:37:50","guid":{"rendered":"https:\/\/savonnerie-marseillaise.com\/produit\/evasion-hawai-gel-douche-exfoliant\/"},"modified":"2025-03-24T12:16:30","modified_gmt":"2025-03-24T11:16:30","slug":"evasion-hawai-gel-douche-exfoliant","status":"publish","type":"product","link":"https:\/\/savonnerie-marseillaise.com\/fr\/produit\/evasion-hawai-gel-douche-exfoliant\/","title":{"rendered":"EVASION &#8211; Hawa\u00ef &#8211; Gel Douche Exfoliant"},"content":{"rendered":"<p>Conseils d&rsquo;utilisation :<\/p>\n<p>D\u00e9posez une noisette de gel exfoliant dans la paume de votre main. Appliquez-le sur une peau humide, massez en effectuant des mouvements circulaires puis rincez abondamment.<\/p>\n","protected":false},"excerpt":{"rendered":"<p>Offrez \u00e0 votre peau un moment d\u2019\u00e9vasion avec le gel douche exfoliant Hawa\u00ef. Gr\u00e2ce \u00e0 ses grains exfoliants, il nettoie en douceur tout en lib\u00e9rant un parfum envo\u00fbtant de mono\u00ef. Un v\u00e9ritable voyage sensoriel, pour une peau lisse, douce et d\u00e9licatement parfum\u00e9e de l\u2019essence des tropiques.<\/p>\n","protected":false},"featured_media":556,"comment_status":"closed","ping_status":"closed","template":"","meta":{"inline_featured_image":false,"wds_primary_product_brand":0,"wds_primary_product_cat":0},"product_brand":[],"product_cat":[91,92,93],"product_tag":[31],"class_list":{"0":"post-608","1":"product","2":"type-product","3":"status-publish","4":"has-post-thumbnail","6":"product_cat-evasion","7":"product_cat-evasion-hawai","8":"product_cat-soins","9":"product_tag-vert","10":"description-off","12":"first","13":"instock","14":"taxable","15":"shipping-taxable","16":"purchasable","17":"product-type-simple"},"_links":{"self":[{"href":"https:\/\/savonnerie-marseillaise.com\/fr\/wp-json\/wp\/v2\/product\/608","targetHints":{"allow":["GET"]}}],"collection":[{"href":"https:\/\/savonnerie-marseillaise.com\/fr\/wp-json\/wp\/v2\/product"}],"about":[{"href":"https:\/\/savonnerie-marseillaise.com\/fr\/wp-json\/wp\/v2\/types\/product"}],"replies":[{"embeddable":true,"href":"https:\/\/savonnerie-marseillaise.com\/fr\/wp-json\/wp\/v2\/comments?post=608"}],"wp:featuredmedia":[{"embeddable":true,"href":"https:\/\/savonnerie-marseillaise.com\/fr\/wp-json\/wp\/v2\/media\/556"}],"wp:attachment":[{"href":"https:\/\/savonnerie-marseillaise.com\/fr\/wp-json\/wp\/v2\/media?parent=608"}],"wp:term":[{"taxonomy":"product_brand","embeddable":true,"href":"https:\/\/savonnerie-marseillaise.com\/fr\/wp-json\/wp\/v2\/product_brand?post=608"},{"taxonomy":"product_cat","embeddable":true,"href":"https:\/\/savonnerie-marseillaise.com\/fr\/wp-json\/wp\/v2\/product_cat?post=608"},{"taxonomy":"product_tag","embeddable":true,"href":"https:\/\/savonnerie-marseillaise.com\/fr\/wp-json\/wp\/v2\/product_tag?post=608"}],"curies":[{"name":"wp","href":"https:\/\/api.w.org\/{rel}","templated":true}]}}