{"id":618,"date":"2025-03-12T16:03:39","date_gmt":"2025-03-12T15:03:39","guid":{"rendered":"https:\/\/savonnerie-marseillaise.com\/produit\/savon-visage-charbon-detox\/"},"modified":"2025-07-19T13:00:15","modified_gmt":"2025-07-19T11:00:15","slug":"savon-visage-charbon-detox","status":"publish","type":"product","link":"https:\/\/savonnerie-marseillaise.com\/fr\/produit\/savon-visage-charbon-detox\/","title":{"rendered":"Savon visage charbon &#8211; D\u00e9tox"},"content":{"rendered":"<p>Conseils d&rsquo;utilisation :<br \/>\nFaites mousser le savon entre vos mains humides, appliquez d\u00e9licatement sur le visage en \u00e9vitant le contour des yeux, puis rincez abondamment \u00e0 l\u2019eau ti\u00e8de.<\/p>\n","protected":false},"excerpt":{"rendered":"<p>Un v\u00e9ritable soin d\u00e9toxifiant pour la peau. Ce savon au charbon actif \u00e9limine les impuret\u00e9s et assainit l&rsquo;\u00e9piderme en profondeur. Id\u00e9al pour les peaux sujettes aux imperfections, il s&rsquo;utilise une \u00e0 deux fois par semaine.<\/p>\n<p>Disponible \u00e0 l&rsquo;unit\u00e9 ou en lot de 3.<\/p>\n","protected":false},"featured_media":619,"comment_status":"closed","ping_status":"closed","template":"","meta":{"inline_featured_image":false,"wds_primary_product_brand":0,"wds_primary_product_cat":0},"product_brand":[],"product_cat":[46,116],"product_tag":[117],"class_list":{"0":"post-618","1":"product","2":"type-product","3":"status-publish","4":"has-post-thumbnail","6":"product_cat-savon-parfumee","7":"product_cat-savon-visage","8":"product_tag-noir","9":"description-off","11":"first","12":"instock","13":"taxable","14":"shipping-taxable","15":"purchasable","16":"product-type-variable","17":"has-default-attributes"},"_links":{"self":[{"href":"https:\/\/savonnerie-marseillaise.com\/fr\/wp-json\/wp\/v2\/product\/618","targetHints":{"allow":["GET"]}}],"collection":[{"href":"https:\/\/savonnerie-marseillaise.com\/fr\/wp-json\/wp\/v2\/product"}],"about":[{"href":"https:\/\/savonnerie-marseillaise.com\/fr\/wp-json\/wp\/v2\/types\/product"}],"replies":[{"embeddable":true,"href":"https:\/\/savonnerie-marseillaise.com\/fr\/wp-json\/wp\/v2\/comments?post=618"}],"wp:featuredmedia":[{"embeddable":true,"href":"https:\/\/savonnerie-marseillaise.com\/fr\/wp-json\/wp\/v2\/media\/619"}],"wp:attachment":[{"href":"https:\/\/savonnerie-marseillaise.com\/fr\/wp-json\/wp\/v2\/media?parent=618"}],"wp:term":[{"taxonomy":"product_brand","embeddable":true,"href":"https:\/\/savonnerie-marseillaise.com\/fr\/wp-json\/wp\/v2\/product_brand?post=618"},{"taxonomy":"product_cat","embeddable":true,"href":"https:\/\/savonnerie-marseillaise.com\/fr\/wp-json\/wp\/v2\/product_cat?post=618"},{"taxonomy":"product_tag","embeddable":true,"href":"https:\/\/savonnerie-marseillaise.com\/fr\/wp-json\/wp\/v2\/product_tag?post=618"}],"curies":[{"name":"wp","href":"https:\/\/api.w.org\/{rel}","templated":true}]}}