{"id":624,"date":"2025-03-12T15:27:48","date_gmt":"2025-03-12T14:27:48","guid":{"rendered":"https:\/\/savonnerie-marseillaise.com\/produit\/savon-a-la-propolis\/"},"modified":"2026-01-27T14:29:20","modified_gmt":"2026-01-27T13:29:20","slug":"savon-a-la-propolis","status":"publish","type":"product","link":"https:\/\/savonnerie-marseillaise.com\/fr\/produit\/savon-a-la-propolis\/","title":{"rendered":"Savon \u00e0 la propolis"},"content":{"rendered":"<p>Conseils d&rsquo;utilisation :<br \/>\nFaites mousser le savon entre vos mains humides, appliquez d\u00e9licatement sur le visage en \u00e9vitant le contour des yeux, puis rincez abondamment \u00e0 l\u2019eau ti\u00e8de.<\/p>\n<p>Nomenclature douane : 34011100<\/p>\n","protected":false},"excerpt":{"rendered":"<p>Gr\u00e2ce aux propri\u00e9t\u00e9s aseptisantes et cicatrisantes de la propolis, ce savon aide \u00e0 \u00e9liminer l&rsquo;acn\u00e9 et \u00e0 att\u00e9nuer les marques. Une solution naturelle pour retrouver une peau plus saine et apais\u00e9e au quotidien.<\/p>\n<p>Disponible \u00e0 l&rsquo;unit\u00e9 ou en lot de 3.<\/p>\n","protected":false},"featured_media":625,"comment_status":"closed","ping_status":"closed","template":"","meta":{"inline_featured_image":false,"wds_primary_product_brand":0,"wds_primary_product_cat":0},"product_brand":[],"product_cat":[46,116],"product_tag":[25],"class_list":{"0":"post-624","1":"product","2":"type-product","3":"status-publish","4":"has-post-thumbnail","6":"product_cat-savon-parfumee","7":"product_cat-savon-visage","8":"product_tag-marron","9":"description-off","11":"first","12":"instock","13":"taxable","14":"shipping-taxable","15":"purchasable","16":"product-type-variable","17":"has-default-attributes"},"_links":{"self":[{"href":"https:\/\/savonnerie-marseillaise.com\/fr\/wp-json\/wp\/v2\/product\/624","targetHints":{"allow":["GET"]}}],"collection":[{"href":"https:\/\/savonnerie-marseillaise.com\/fr\/wp-json\/wp\/v2\/product"}],"about":[{"href":"https:\/\/savonnerie-marseillaise.com\/fr\/wp-json\/wp\/v2\/types\/product"}],"replies":[{"embeddable":true,"href":"https:\/\/savonnerie-marseillaise.com\/fr\/wp-json\/wp\/v2\/comments?post=624"}],"wp:featuredmedia":[{"embeddable":true,"href":"https:\/\/savonnerie-marseillaise.com\/fr\/wp-json\/wp\/v2\/media\/625"}],"wp:attachment":[{"href":"https:\/\/savonnerie-marseillaise.com\/fr\/wp-json\/wp\/v2\/media?parent=624"}],"wp:term":[{"taxonomy":"product_brand","embeddable":true,"href":"https:\/\/savonnerie-marseillaise.com\/fr\/wp-json\/wp\/v2\/product_brand?post=624"},{"taxonomy":"product_cat","embeddable":true,"href":"https:\/\/savonnerie-marseillaise.com\/fr\/wp-json\/wp\/v2\/product_cat?post=624"},{"taxonomy":"product_tag","embeddable":true,"href":"https:\/\/savonnerie-marseillaise.com\/fr\/wp-json\/wp\/v2\/product_tag?post=624"}],"curies":[{"name":"wp","href":"https:\/\/api.w.org\/{rel}","templated":true}]}}