{"id":639,"date":"2025-03-12T15:27:48","date_gmt":"2025-03-12T14:27:48","guid":{"rendered":"https:\/\/savonnerie-marseillaise.com\/produit\/savon-a-lhuile-dargan\/"},"modified":"2025-07-19T13:00:01","modified_gmt":"2025-07-19T11:00:01","slug":"savon-a-lhuile-dargan","status":"publish","type":"product","link":"https:\/\/savonnerie-marseillaise.com\/fr\/produit\/savon-a-lhuile-dargan\/","title":{"rendered":"Savon \u00e0 l&rsquo;huile d&rsquo;argan"},"content":{"rendered":"<p>Conseils d&rsquo;utilisation :<br \/>\nFaites mousser le savon entre vos mains humides, appliquez d\u00e9licatement sur le visage en \u00e9vitant le contour des yeux, puis rincez abondamment \u00e0 l\u2019eau ti\u00e8de.<\/p>\n","protected":false},"excerpt":{"rendered":"<p>Con\u00e7u pour les peaux s\u00e8ches, ce savon \u00e0 l&rsquo;huile d&rsquo;argan aide \u00e0 maintenir l&rsquo;hydratation de l&rsquo;\u00e9piderme. Il nourrit intens\u00e9ment et pr\u00e9vient l&rsquo;ass\u00e8chement cutan\u00e9, laissant la peau douce et souple.<\/p>\n<p>Disponible \u00e0 l&rsquo;unit\u00e9 ou en lot de 3.<\/p>\n","protected":false},"featured_media":640,"comment_status":"closed","ping_status":"closed","template":"","meta":{"inline_featured_image":false,"wds_primary_product_brand":0,"wds_primary_product_cat":0},"product_brand":[],"product_cat":[46,116],"product_tag":[31],"class_list":{"0":"post-639","1":"product","2":"type-product","3":"status-publish","4":"has-post-thumbnail","6":"product_cat-savon-parfumee","7":"product_cat-savon-visage","8":"product_tag-vert","9":"description-off","11":"first","12":"instock","13":"taxable","14":"shipping-taxable","15":"purchasable","16":"product-type-variable","17":"has-default-attributes"},"_links":{"self":[{"href":"https:\/\/savonnerie-marseillaise.com\/fr\/wp-json\/wp\/v2\/product\/639","targetHints":{"allow":["GET"]}}],"collection":[{"href":"https:\/\/savonnerie-marseillaise.com\/fr\/wp-json\/wp\/v2\/product"}],"about":[{"href":"https:\/\/savonnerie-marseillaise.com\/fr\/wp-json\/wp\/v2\/types\/product"}],"replies":[{"embeddable":true,"href":"https:\/\/savonnerie-marseillaise.com\/fr\/wp-json\/wp\/v2\/comments?post=639"}],"wp:featuredmedia":[{"embeddable":true,"href":"https:\/\/savonnerie-marseillaise.com\/fr\/wp-json\/wp\/v2\/media\/640"}],"wp:attachment":[{"href":"https:\/\/savonnerie-marseillaise.com\/fr\/wp-json\/wp\/v2\/media?parent=639"}],"wp:term":[{"taxonomy":"product_brand","embeddable":true,"href":"https:\/\/savonnerie-marseillaise.com\/fr\/wp-json\/wp\/v2\/product_brand?post=639"},{"taxonomy":"product_cat","embeddable":true,"href":"https:\/\/savonnerie-marseillaise.com\/fr\/wp-json\/wp\/v2\/product_cat?post=639"},{"taxonomy":"product_tag","embeddable":true,"href":"https:\/\/savonnerie-marseillaise.com\/fr\/wp-json\/wp\/v2\/product_tag?post=639"}],"curies":[{"name":"wp","href":"https:\/\/api.w.org\/{rel}","templated":true}]}}