{"id":669,"date":"2024-12-27T17:36:03","date_gmt":"2024-12-27T16:36:03","guid":{"rendered":"https:\/\/savonnerie-marseillaise.com\/produit\/lot-de-3-savons-de-marseille-blancs\/"},"modified":"2025-09-28T08:50:08","modified_gmt":"2025-09-28T06:50:08","slug":"lot-de-3-savons-de-marseille-blancs","status":"publish","type":"product","link":"https:\/\/savonnerie-marseillaise.com\/fr\/produit\/lot-de-3-savons-de-marseille-blancs\/","title":{"rendered":"Lot de 3 Savons de Marseille Blancs"},"content":{"rendered":"<p><strong>Conseils d&rsquo;utilisation :<\/strong><br \/>\nLe savon de Marseille blanc est un produit naturel et polyvalent qui simplifie vos taches m\u00e9nag\u00e8res. Voici comment l&rsquo;utiliser au quotidien :<\/p>\n<p><strong>Pour les textiles :<\/strong><br \/>\n-D\u00e9tachant main : Humidifiez votre savon et frottez directement sur les zones tach\u00e9s. Laissez agir 1h, puis passez le linge en machine.<br \/>\n-Lessiver \u00e0 la main : Mouillez votre linge et votre savon et frottez directement sur l&rsquo;ensemble du textile. Laissez agir quelques minutes et rincez \u00e0 l&rsquo;eau claire.<br \/>\n-Lessiver en machine : retrouvez notre recette en suivant le lien ci-dessous:<br \/>\nwww.recettelessive.com<\/p>\n<p><strong>Pour le nettoyage des surfaces :<\/strong><br \/>\n-Sols et carrelages : diluez un peu de savon r\u00e2p\u00e9 dans un seau d&rsquo;eau chaude, m\u00e9langez, puis nettoyez avec une serpill\u00e8re.<br \/>\n-Placards et plan de travail : frottez une \u00e9ponge humidifi\u00e9 \u00e0 l&rsquo;eau chaude sur le savon, appliquez sur la surface, puis rincez avec un chiffon propre et humide.<\/p>\n<p><strong>Pour lutter contre les mites :<\/strong><br \/>\nNettoyez l&rsquo;int\u00e9rieur de vos placards avec le savon de Marseille, puis placez du savon dans vos tiroirs et vos armoires pour repousser naturellement les mites et parfumer d\u00e9licatement votre linge.<\/p>\n<p><strong>Pour lutter contre les pucerons :<\/strong><br \/>\nDissolvez 100 gr de savon de Marseille dans 1 L d&rsquo;eau chaude. Versez la pr\u00e9paration dans un pulv\u00e9risateur et vaporisez vos plantes infest\u00e9es de pucerons. R\u00e9p\u00e9tez l&rsquo;op\u00e9ration tous les 2 \u00e0 3 jours jusqu&rsquo;\u00e0 disparition des nuisibles.<\/p>\n","protected":false},"excerpt":{"rendered":"<p><strong>LE SAVON DE MARSEILLE <\/strong><strong>BLANC :<\/strong><\/p>\n<p><strong>Votre alli\u00e9 m\u00e9nager naturel et efficace<\/strong><br \/>\nFabriqu\u00e9 selon la m\u00e9thode traditionnelle depuis 1906, le savon de Marseille blanc est un incontournable de l&rsquo;entretien de la maison.<br \/>\nCuit au chaudron, il est formul\u00e9 \u00e0 base d&rsquo;huiles v\u00e9g\u00e9tales sans ajout de colorants ou de parfums.<\/p>\n<p><strong>Un nettoyant multi-usages pour une maison impeccable Id\u00e9al pour toutes vos t\u00e2ches m\u00e9nag\u00e8res, ce savon naturel excelle dans :<\/strong><br \/>\n-La lessive : d\u00e9tachant puissant, il nettoie et pr\u00e9serve la qualit\u00e9 des textiles, m\u00eame les plus d\u00e9licats.<br \/>\n-Le nettoyage des sols et surfaces : il d\u00e9graisse efficacement et laisse vos sols, placards et plans de travail parfaitement propres.<br \/>\n-La lutte contre les mites : il prot\u00e8ge naturellement votre linge et vos armoires.<br \/>\n-La lutte contre les pucerons : dilu\u00e9 dans de l&rsquo;eau, il agit comme un r\u00e9pulsif naturel et prot\u00e8ge vos plantes.<\/p>\n<p><strong>Ecologique et \u00e9conomique<\/strong><br \/>\n100% biod\u00e9gradable et sans produits chimiques, le savon de Marseille blanc est une alternative respectueuse de l&rsquo;environnement aux d\u00e9tergents industriels. Sa longue dur\u00e9e de vie en fait \u00e9galement un choix \u00e9conomique pour toute la maison.<\/p>\n<p>Adoptez ce savon polyvalent et naturel pour une maison saine et parfaitement entretenue !<\/p>\n","protected":false},"featured_media":670,"comment_status":"open","ping_status":"closed","template":"","meta":{"inline_featured_image":false,"wds_primary_product_brand":0,"wds_primary_product_cat":0},"product_brand":[],"product_cat":[144],"product_tag":[],"class_list":{"0":"post-669","1":"product","2":"type-product","3":"status-publish","4":"has-post-thumbnail","6":"product_cat-savon-de-marseille","7":"description-off","9":"first","10":"instock","11":"featured","12":"taxable","13":"shipping-taxable","14":"purchasable","15":"product-type-simple"},"_links":{"self":[{"href":"https:\/\/savonnerie-marseillaise.com\/fr\/wp-json\/wp\/v2\/product\/669","targetHints":{"allow":["GET"]}}],"collection":[{"href":"https:\/\/savonnerie-marseillaise.com\/fr\/wp-json\/wp\/v2\/product"}],"about":[{"href":"https:\/\/savonnerie-marseillaise.com\/fr\/wp-json\/wp\/v2\/types\/product"}],"replies":[{"embeddable":true,"href":"https:\/\/savonnerie-marseillaise.com\/fr\/wp-json\/wp\/v2\/comments?post=669"}],"wp:featuredmedia":[{"embeddable":true,"href":"https:\/\/savonnerie-marseillaise.com\/fr\/wp-json\/wp\/v2\/media\/670"}],"wp:attachment":[{"href":"https:\/\/savonnerie-marseillaise.com\/fr\/wp-json\/wp\/v2\/media?parent=669"}],"wp:term":[{"taxonomy":"product_brand","embeddable":true,"href":"https:\/\/savonnerie-marseillaise.com\/fr\/wp-json\/wp\/v2\/product_brand?post=669"},{"taxonomy":"product_cat","embeddable":true,"href":"https:\/\/savonnerie-marseillaise.com\/fr\/wp-json\/wp\/v2\/product_cat?post=669"},{"taxonomy":"product_tag","embeddable":true,"href":"https:\/\/savonnerie-marseillaise.com\/fr\/wp-json\/wp\/v2\/product_tag?post=669"}],"curies":[{"name":"wp","href":"https:\/\/api.w.org\/{rel}","templated":true}]}}