{"id":671,"date":"2024-12-27T17:30:29","date_gmt":"2024-12-27T16:30:29","guid":{"rendered":"https:\/\/savonnerie-marseillaise.com\/produit\/savon-de-vaisselle\/"},"modified":"2026-03-13T23:24:20","modified_gmt":"2026-03-13T22:24:20","slug":"savon-de-vaisselle","status":"publish","type":"product","link":"https:\/\/savonnerie-marseillaise.com\/fr\/produit\/savon-de-vaisselle\/","title":{"rendered":"Savon de Vaisselle"},"content":{"rendered":"<p><strong>Conseils d&rsquo;utilisation :<\/strong><br \/>\n1. Humidifiez une \u00e9ponge ou une brosse et frottez l\u00e0 sur le savon pour faire mousser.<br \/>\n2. Nettoyez votre vaisselle comme d&rsquo;habitude.<br \/>\n3. Rincez \u00e0 l&rsquo;eau claire.<\/p>\n","protected":false},"excerpt":{"rendered":"<p><strong>LE SAVON VAISSELLE :<\/strong><br \/>\nSimplifiez le nettoyage de votre vaisselle avec ce savon solide alliant tradition et efficacit\u00e9. Formul\u00e9 \u00e0 partir de savon de Marseille authentique et enrichi en bicarbonate de soude, ce produit naturel est id\u00e9al pour d\u00e9graisser, faire briller et d\u00e9sodoriser votre vaisselle, tout en respectant l&rsquo;environnement.<\/p>\n<p><strong>Caract\u00e9ristiques :<\/strong><br \/>\n-Savon de Marseille : reconnu pour ses propri\u00e9t\u00e9s nettoyantes et d\u00e9graissantes, il \u00e9limine efficacement les r\u00e9sidus alimentaires et graisses.<br \/>\n-Bicarbonate de soude : agit comme puissant d\u00e9sodorisant et \u00e9limine les taches tenaces et apporte de la brillance pour une vaisselle \u00e9clatante.<\/p>\n<p><strong>Avantages :<\/strong><br \/>\n-Formule naturelle.<br \/>\n-Doux pour la peau, il convient m\u00eame aux peaux sensibles.<br \/>\n-Ecologique et \u00e9conomique : un savon solide qui dure longtemps et limite les d\u00e9chets plastiques.<\/p>\n","protected":false},"featured_media":672,"comment_status":"open","ping_status":"closed","template":"","meta":{"inline_featured_image":false,"wds_primary_product_brand":0,"wds_primary_product_cat":0},"product_brand":[],"product_cat":[144],"product_tag":[],"class_list":{"0":"post-671","1":"product","2":"type-product","3":"status-publish","4":"has-post-thumbnail","6":"product_cat-savon-de-marseille","7":"description-off","9":"first","10":"instock","11":"featured","12":"taxable","13":"shipping-taxable","14":"purchasable","15":"product-type-simple"},"_links":{"self":[{"href":"https:\/\/savonnerie-marseillaise.com\/fr\/wp-json\/wp\/v2\/product\/671","targetHints":{"allow":["GET"]}}],"collection":[{"href":"https:\/\/savonnerie-marseillaise.com\/fr\/wp-json\/wp\/v2\/product"}],"about":[{"href":"https:\/\/savonnerie-marseillaise.com\/fr\/wp-json\/wp\/v2\/types\/product"}],"replies":[{"embeddable":true,"href":"https:\/\/savonnerie-marseillaise.com\/fr\/wp-json\/wp\/v2\/comments?post=671"}],"wp:featuredmedia":[{"embeddable":true,"href":"https:\/\/savonnerie-marseillaise.com\/fr\/wp-json\/wp\/v2\/media\/672"}],"wp:attachment":[{"href":"https:\/\/savonnerie-marseillaise.com\/fr\/wp-json\/wp\/v2\/media?parent=671"}],"wp:term":[{"taxonomy":"product_brand","embeddable":true,"href":"https:\/\/savonnerie-marseillaise.com\/fr\/wp-json\/wp\/v2\/product_brand?post=671"},{"taxonomy":"product_cat","embeddable":true,"href":"https:\/\/savonnerie-marseillaise.com\/fr\/wp-json\/wp\/v2\/product_cat?post=671"},{"taxonomy":"product_tag","embeddable":true,"href":"https:\/\/savonnerie-marseillaise.com\/fr\/wp-json\/wp\/v2\/product_tag?post=671"}],"curies":[{"name":"wp","href":"https:\/\/api.w.org\/{rel}","templated":true}]}}