{"id":674,"date":"2024-12-27T17:05:55","date_gmt":"2024-12-27T16:05:55","guid":{"rendered":"https:\/\/savonnerie-marseillaise.com\/produit\/savon-de-marseille-traditionnel-vert-200-gr\/"},"modified":"2025-08-10T15:59:06","modified_gmt":"2025-08-10T13:59:06","slug":"savon-de-marseille-traditionnel-vert-200-gr","status":"publish","type":"product","link":"https:\/\/savonnerie-marseillaise.com\/fr\/produit\/savon-de-marseille-traditionnel-vert-200-gr\/","title":{"rendered":"Savon de Marseille traditionnel &#8211; Vert 200 gr"},"content":{"rendered":"<p><strong>Conseils d&rsquo;utilisation :<\/strong><br \/>\n-Pour le corps et le visage : appliquez-le directement sur la peau humide ou utilisez une \u00e9ponge pour faire mousser le savon. Rincez abondamment \u00e0 l&rsquo;eau claire.<br \/>\n-Pour les cheveux : frottez le savon directement sur vos cheveux mouill\u00e9s. Massez d\u00e9licatement le cuir chevelu, puis rincez soigneusement.<\/p>\n<p><strong>Astuces :<\/strong><br \/>\n-Exfoliant naturel : faites des copeaux avec le savon et m\u00e9langez-les avec du sucre ou du sel et un peu d&rsquo;eau pour cr\u00e9er un gommage doux fait maison.<br \/>\n-Barre de rasage : sa texture en gel et sa douceur font une alternative naturelle \u00e0 la mousse \u00e0 raser.<\/p>\n<p><strong>Entretien et conservation :<\/strong><br \/>\nConservez le savon dans un endroit sec entre deux utilisations pour \u00e9viter qu&rsquo;il fonde rapidement.\u00a0Suspendez le savon avec la corde pour une dur\u00e9e de vie prolong\u00e9e.<\/p>\n","protected":false},"excerpt":{"rendered":"<p><strong>LE SAVON DE MARSEILLE A L\u2019HUILE D\u2019OLIVE :<\/strong><\/p>\n<p><strong>Un savoir-faire ancestral depuis 1906<\/strong><br \/>\nD\u00e9couvrez l\u2019authenticit\u00e9 du savon de Marseille, fabriqu\u00e9 selon une recette traditionnelle inchang\u00e9e depuis 1906. Ce savon d\u2019exception, cuit au chaudron, est compos\u00e9 de 72% d\u2019huile d\u2019olive. Sa forme ovale, accompagn\u00e9e d&rsquo;une corde pour l&rsquo;accrocher facilement, allie praticit\u00e9 et esth\u00e9tique, id\u00e9al pour une utilisation quotidienne tout en \u00e9tant suspendu dans votre salle de bain ou votre cuisine.<\/p>\n<p><strong>Un produit naturel et respectueux<\/strong><br \/>\n100% naturel et biod\u00e9gradable, il est formul\u00e9 sans parab\u00e8nes, sans colorants et sans parfum. Le pH \u00e0 9,5 favorise l\u2019\u00e9limination des impuret\u00e9s et l\u2019exc\u00e8s de s\u00e9bum, il respecte toutes les peaux, m\u00eame les plus sensibles.<\/p>\n<p><strong>Un soin unique pour la peau<\/strong><br \/>\nLe cube traditionnel de savon de Marseille, enrichi \u00e0 l&rsquo;huile d&rsquo;olive, est reconnu pour ses nombreux bienfaits. Hypoallerg\u00e9nique, il hydrate, prot\u00e8ge et apaise la peau, tout en lui offrant une douceur naturelle.<\/p>\n<p>Adoptez un produit authentique et intemporel, respectueux de votre peau et de l&rsquo;environnement!<\/p>\n","protected":false},"featured_media":675,"comment_status":"open","ping_status":"closed","template":"","meta":{"inline_featured_image":false,"wds_primary_product_brand":0,"wds_primary_product_cat":0},"product_brand":[],"product_cat":[144],"product_tag":[],"class_list":{"0":"post-674","1":"product","2":"type-product","3":"status-publish","4":"has-post-thumbnail","6":"product_cat-savon-de-marseille","7":"description-off","9":"first","10":"instock","11":"featured","12":"taxable","13":"shipping-taxable","14":"purchasable","15":"product-type-simple"},"_links":{"self":[{"href":"https:\/\/savonnerie-marseillaise.com\/fr\/wp-json\/wp\/v2\/product\/674","targetHints":{"allow":["GET"]}}],"collection":[{"href":"https:\/\/savonnerie-marseillaise.com\/fr\/wp-json\/wp\/v2\/product"}],"about":[{"href":"https:\/\/savonnerie-marseillaise.com\/fr\/wp-json\/wp\/v2\/types\/product"}],"replies":[{"embeddable":true,"href":"https:\/\/savonnerie-marseillaise.com\/fr\/wp-json\/wp\/v2\/comments?post=674"}],"wp:featuredmedia":[{"embeddable":true,"href":"https:\/\/savonnerie-marseillaise.com\/fr\/wp-json\/wp\/v2\/media\/675"}],"wp:attachment":[{"href":"https:\/\/savonnerie-marseillaise.com\/fr\/wp-json\/wp\/v2\/media?parent=674"}],"wp:term":[{"taxonomy":"product_brand","embeddable":true,"href":"https:\/\/savonnerie-marseillaise.com\/fr\/wp-json\/wp\/v2\/product_brand?post=674"},{"taxonomy":"product_cat","embeddable":true,"href":"https:\/\/savonnerie-marseillaise.com\/fr\/wp-json\/wp\/v2\/product_cat?post=674"},{"taxonomy":"product_tag","embeddable":true,"href":"https:\/\/savonnerie-marseillaise.com\/fr\/wp-json\/wp\/v2\/product_tag?post=674"}],"curies":[{"name":"wp","href":"https:\/\/api.w.org\/{rel}","templated":true}]}}