{"id":71,"date":"2025-03-12T15:10:52","date_gmt":"2025-03-12T14:10:52","guid":{"rendered":"https:\/\/savonnerie-marseillaise.com\/product\/savon-sardine\/"},"modified":"2025-12-04T11:18:02","modified_gmt":"2025-12-04T10:18:02","slug":"savon-sardine","status":"publish","type":"product","link":"https:\/\/savonnerie-marseillaise.com\/fr\/produit\/savon-sardine\/","title":{"rendered":"Savon sardine"},"content":{"rendered":"<p>Conseils d\u2019utilisation :<br \/>\nHumidifiez votre peau, puis faites glisser le savon directement sur le corps ou entre vos mains pour cr\u00e9er une mousse g\u00e9n\u00e9reuse. Appliquez par de l\u00e9gers mouvements circulaires, puis rincez abondamment \u00e0 l\u2019eau claire. Convient \u00e0 tous les types de peau pour une utilisation quotidienne. Sa forme de sardine, accompagn\u00e9e d&rsquo;une corde pour l&rsquo;accrocher facilement, allie praticit\u00e9 et esth\u00e9tique, id\u00e9al pour une utilisation quotidienne tout en \u00e9tant suspendu dans votre salle de bain ou votre cuisine.<\/p>\n<p>Nomenclature douane : 34011100<\/p>\n","protected":false},"excerpt":{"rendered":"<p>D\u00e9couvrez notre savon en forme de sardine, un hommage \u00e0 la l\u00e9gendaire sardine qui aurait bouch\u00e9 le Vieux Port de Marseille. Inspir\u00e9 de cette histoire, ce savon diffuse un parfum masculin et raffin\u00e9 aux notes bois\u00e9es et marines. \u00c9voquant la m\u00e9diterran\u00e9e et l\u2019\u00e9l\u00e9gance.<\/p>\n","protected":false},"featured_media":72,"comment_status":"closed","ping_status":"closed","template":"","meta":{"inline_featured_image":false,"wds_primary_product_brand":0,"wds_primary_product_cat":0},"product_brand":[],"product_cat":[23,46],"product_tag":[37],"class_list":{"0":"post-71","1":"product","2":"type-product","3":"status-publish","4":"has-post-thumbnail","6":"product_cat-creations-originales","7":"product_cat-savon-parfumee","8":"product_tag-noir-irise","9":"description-off","11":"first","12":"instock","13":"taxable","14":"shipping-taxable","15":"purchasable","16":"product-type-simple"},"_links":{"self":[{"href":"https:\/\/savonnerie-marseillaise.com\/fr\/wp-json\/wp\/v2\/product\/71","targetHints":{"allow":["GET"]}}],"collection":[{"href":"https:\/\/savonnerie-marseillaise.com\/fr\/wp-json\/wp\/v2\/product"}],"about":[{"href":"https:\/\/savonnerie-marseillaise.com\/fr\/wp-json\/wp\/v2\/types\/product"}],"replies":[{"embeddable":true,"href":"https:\/\/savonnerie-marseillaise.com\/fr\/wp-json\/wp\/v2\/comments?post=71"}],"wp:featuredmedia":[{"embeddable":true,"href":"https:\/\/savonnerie-marseillaise.com\/fr\/wp-json\/wp\/v2\/media\/72"}],"wp:attachment":[{"href":"https:\/\/savonnerie-marseillaise.com\/fr\/wp-json\/wp\/v2\/media?parent=71"}],"wp:term":[{"taxonomy":"product_brand","embeddable":true,"href":"https:\/\/savonnerie-marseillaise.com\/fr\/wp-json\/wp\/v2\/product_brand?post=71"},{"taxonomy":"product_cat","embeddable":true,"href":"https:\/\/savonnerie-marseillaise.com\/fr\/wp-json\/wp\/v2\/product_cat?post=71"},{"taxonomy":"product_tag","embeddable":true,"href":"https:\/\/savonnerie-marseillaise.com\/fr\/wp-json\/wp\/v2\/product_tag?post=71"}],"curies":[{"name":"wp","href":"https:\/\/api.w.org\/{rel}","templated":true}]}}